{"id":36,"date":"2016-06-22T10:07:31","date_gmt":"2016-06-22T08:07:31","guid":{"rendered":"http:\/\/www.cestsro.cz\/?page_id=36"},"modified":"2024-02-13T12:33:42","modified_gmt":"2024-02-13T11:33:42","slug":"fotogalerie","status":"publish","type":"page","link":"https:\/\/www.cestsro.cz\/?page_id=36","title":{"rendered":"FOTOGALERIE"},"content":{"rendered":"<div id=\"grid-gallery-1-15058\" data-gg-id=\"1\" data-title=\"FOTOGALERIE\" data-grid-type=\"0\" data-offset=\"5.3\" data-area-position=\"center\" data-icons=\"false\" data-preloader=\"\" data-width=\"215\" data-height=\"215\" data-padding=\"\" data-quicksand=\"disabled\" data-quicksand-duration=\"none\" data-popup-theme=\"theme_6\" data-popup-type=\"pretty-photo\" data-popup-image-text=\"title\" data-popup-widthsize=\"auto\" data-popup-heightsize=\"auto\" data-popup-i18n-words=\"{&quot;close&quot;:&quot;close&quot;,&quot;next&quot;:&quot;next&quot;,&quot;previous&quot;:&quot;previous&quot;,&quot;start_slideshow&quot;:&quot;start slideshow&quot;,&quot;stop_slideshow&quot;:&quot;stop slideshow&quot;,&quot;image&quot;:&quot;image&quot;,&quot;of&quot;:&quot;of&quot;,&quot;prev&quot;:&quot;prev&quot;,&quot;cExpand&quot;:&quot;Expand&quot;,&quot;cPrevious&quot;:&quot;Previous&quot;,&quot;cNext&quot;:&quot;Dal\\u0161\\u00ed&quot;,&quot;cExpandStr&quot;:&quot;Expand the image&quot;,&quot;cRotate&quot;:&quot;Rotate&quot;,&quot;cDetails&quot;:&quot;Details&quot;}\" data-popup-slideshow=\"false\" data-popup-slideshow-speed=\"2500\" data-popup-hoverstop=\"true\" data-popup-slideshow-auto=\"false\" data-popup-background=\"\" data-popup-transparency=\"30\" data-popup-disable-history=\"\" data-popup-disable-changed-url=\"\" data-popup-border-type=\"\" data-popup-border-color=\"\" data-popup-border-width=\"\" data-popup-border-enable=\"\" data-fullscreen=\"false\" data-hide-tooltip=\"\" data-caption-font-family=\"\" data-caption-text-size=\"14px\" data-is-mobile=\"0\" data-caption-mobile=\"false\" data-hide-long-tltp-title=\"0\" data-caption-disabled-on-mobile=\"false\" data-popup-placement-type=\"0\" data-social-sharing=\"{&quot;enabled&quot;:null,&quot;gallerySharing&quot;:{&quot;enabled&quot;:null,&quot;position&quot;:null},&quot;imageSharing&quot;:{&quot;enabled&quot;:null,&quot;wrapperClass&quot;:&quot; vertical &quot;},&quot;popupSharing&quot;:{&quot;enabled&quot;:null,&quot;wrapperClass&quot;:&quot; vertical &quot;}}\" class=\"grid-gallery grid-gallery-fixed \" style=\" width:100%; height:auto; margin-left:auto; margin-right:auto;position:relative;\"> <div class=\"gallery-loading\"> <div class=\"blocks\"> <div class=\"block\"><\/div> <div class=\"block\"><\/div> <div class=\"block\"><\/div> <div class=\"block\"><\/div> <\/div> <\/div> <div class=\"gallery-sharing-top\"><\/div> <div id=\"photos-1\" class=\"grid-gallery-photos\"><a id=\"gg-1-1\" class=\"gg-link \" data-attachment-id=\"55\" href=\"http:\/\/www.cestsro.cz\/wp-content\/uploads\/2016\/06\/H-18-NOV\u00c9-OHNISKO-14_p\u016fvodn\u00ed.jpg?gid=1\" target=\"_self\" title=\"OLYMPUS DIGITAL CAMERA\" data-rel=\"prettyPhoto[pp_gal]\" style=\"border-radius:0px;\" ><FIGURE class=\"grid-gallery-caption\" data-grid-gallery-type=\"quarter-slide-up\" data-index=\"0\" style=\"display:none;border-radius:0px;; margin:5.3px; width:215px;\" ><div class=\"crop\" style=\" width:215px; height:215px; overflow:hidden;\"><img src=\"https:\/\/www.cestsro.cz\/wp-content\/uploads\/2016\/06\/H-18-NOV\u00c9-OHNISKO-14_p\u016fvodn\u00ed-215x215.jpg\" class=\"ggImg\" alt=\"OLYMPUS DIGITAL CAMERA\" title=\"OLYMPUS DIGITAL CAMERA\" data-description=\"OLYMPUS DIGITAL CAMERA\" data-caption=\"H 18 NOV\u00c9 OHNISKO\" data-title=\"OLYMPUS DIGITAL CAMERA\" style=\" width:215px; height:215px;\" \/><\/div><FIGCAPTION class=\"\" data-alpha=\"5\" style=\"color:#ffffff; background-color:#6f0000; font-size:14px; text-align:2; font-family:;\" ><div class=\"grid-gallery-figcaption-wrap\" style=\" vertical-align:;\"><div class=\"gg-image-caption fitvidsignore\" style=\"font-size:14px;\"><object type=\"none\/none\">H 18 NOV\u00c9 OHNISKO <\/object><\/div><\/div><\/FIGCAPTION><\/FIGURE><\/a><a id=\"gg-1-2\" class=\"gg-link \" data-attachment-id=\"56\" href=\"http:\/\/www.cestsro.cz\/wp-content\/uploads\/2016\/06\/H-18-NOV\u00c9-OHNISKO-16_p\u016fvodn\u00ed.jpg?gid=1\" target=\"_self\" title=\"OLYMPUS DIGITAL CAMERA\" data-rel=\"prettyPhoto[pp_gal]\" style=\"border-radius:0px;\" ><FIGURE class=\"grid-gallery-caption\" data-grid-gallery-type=\"quarter-slide-up\" data-index=\"1\" style=\"display:none;border-radius:0px;; margin:5.3px; width:215px;\" ><div class=\"crop\" style=\" width:215px; height:215px; overflow:hidden;\"><img src=\"https:\/\/www.cestsro.cz\/wp-content\/uploads\/2016\/06\/H-18-NOV\u00c9-OHNISKO-16_p\u016fvodn\u00ed-215x215.jpg\" class=\"ggImg\" alt=\"OLYMPUS DIGITAL CAMERA\" title=\"OLYMPUS DIGITAL CAMERA\" data-description=\"OLYMPUS DIGITAL CAMERA\" data-caption=\"H 18 NOV\u00c9 OHNISKO\" data-title=\"OLYMPUS DIGITAL CAMERA\" style=\" width:215px; height:215px;\" \/><\/div><FIGCAPTION class=\"\" data-alpha=\"5\" style=\"color:#ffffff; background-color:#6f0000; font-size:14px; text-align:2; font-family:;\" ><div class=\"grid-gallery-figcaption-wrap\" style=\" vertical-align:;\"><div class=\"gg-image-caption fitvidsignore\" style=\"font-size:14px;\"><object type=\"none\/none\">H 18 NOV\u00c9 OHNISKO <\/object><\/div><\/div><\/FIGCAPTION><\/FIGURE><\/a><a id=\"gg-1-3\" class=\"gg-link \" data-attachment-id=\"57\" href=\"http:\/\/www.cestsro.cz\/wp-content\/uploads\/2016\/06\/Kopie-\u010d.-32.jpg?gid=1\" target=\"_self\" title=\"Kopie \u010d. - 32\" data-rel=\"prettyPhoto[pp_gal]\" style=\"border-radius:0px;\" ><FIGURE class=\"grid-gallery-caption\" data-grid-gallery-type=\"quarter-slide-up\" data-index=\"2\" style=\"display:none;border-radius:0px;; margin:5.3px; width:215px;\" ><div class=\"crop\" style=\" width:215px; height:215px; overflow:hidden;\"><img src=\"https:\/\/www.cestsro.cz\/wp-content\/uploads\/2016\/06\/Kopie-\u010d.-32-215x215.jpg\" class=\"ggImg\" alt=\"Kopie \u010d. - 32\" title=\"Kopie \u010d. - 32\" data-description=\"Kopie \u010d. - 32\" data-caption=\"Kopie \u010d. - 32\" data-title=\"Kopie \u010d. - 32\" style=\" width:215px; height:215px;\" \/><\/div><FIGCAPTION class=\"\" data-alpha=\"5\" style=\"color:#ffffff; background-color:#6f0000; font-size:14px; text-align:2; font-family:;\" ><div class=\"grid-gallery-figcaption-wrap\" style=\" vertical-align:;\"><\/div><\/FIGCAPTION><\/FIGURE><\/a><a id=\"gg-1-4\" class=\"gg-link \" data-attachment-id=\"58\" href=\"http:\/\/www.cestsro.cz\/wp-content\/uploads\/2016\/06\/Kopie-\u010d.-Projekt-POPS_02.jpg?gid=1\" target=\"_self\" title=\"Kopie \u010d. - Projekt POPS_02\" data-rel=\"prettyPhoto[pp_gal]\" style=\"border-radius:0px;\" ><FIGURE class=\"grid-gallery-caption\" data-grid-gallery-type=\"quarter-slide-up\" data-index=\"3\" style=\"display:none;border-radius:0px;; margin:5.3px; width:215px;\" ><div class=\"crop\" style=\" width:215px; height:215px; overflow:hidden;\"><img src=\"https:\/\/www.cestsro.cz\/wp-content\/uploads\/2016\/06\/Kopie-\u010d.-Projekt-POPS_02-215x215.jpg\" class=\"ggImg\" alt=\"Kopie \u010d. - Projekt POPS_02\" title=\"Kopie \u010d. - Projekt POPS_02\" data-description=\"Kopie \u010d. - Projekt POPS_02\" data-caption=\"Kopie \u010d. - Projekt POPS_02\" data-title=\"Kopie \u010d. - Projekt POPS_02\" style=\" width:215px; height:215px;\" \/><\/div><FIGCAPTION class=\"\" data-alpha=\"5\" style=\"color:#ffffff; background-color:#6f0000; font-size:14px; text-align:2; font-family:;\" ><div class=\"grid-gallery-figcaption-wrap\" style=\" vertical-align:;\"><\/div><\/FIGCAPTION><\/FIGURE><\/a><a id=\"gg-1-5\" class=\"gg-link \" data-attachment-id=\"59\" href=\"http:\/\/www.cestsro.cz\/wp-content\/uploads\/2016\/06\/Projekt-POPS_kompr.jpg?gid=1\" target=\"_self\" title=\"Projekt POPS_kompr\" data-rel=\"prettyPhoto[pp_gal]\" style=\"border-radius:0px;\" ><FIGURE class=\"grid-gallery-caption\" data-grid-gallery-type=\"quarter-slide-up\" data-index=\"4\" style=\"display:none;border-radius:0px;; margin:5.3px; width:215px;\" ><div class=\"crop\" style=\" width:215px; height:215px; overflow:hidden;\"><img src=\"https:\/\/www.cestsro.cz\/wp-content\/uploads\/2016\/06\/Projekt-POPS_kompr-215x215.jpg\" class=\"ggImg\" alt=\"Projekt POPS_kompr\" title=\"Projekt POPS_kompr\" data-description=\"Projekt POPS_kompr\" data-caption=\"Projekt POPS_kompr\" data-title=\"Projekt POPS_kompr\" style=\" width:215px; height:215px;\" \/><\/div><FIGCAPTION class=\"\" data-alpha=\"5\" style=\"color:#ffffff; background-color:#6f0000; font-size:14px; text-align:2; font-family:;\" ><div class=\"grid-gallery-figcaption-wrap\" style=\" vertical-align:;\"><\/div><\/FIGCAPTION><\/FIGURE><\/a><a id=\"gg-1-6\" class=\"gg-link \" data-attachment-id=\"60\" href=\"http:\/\/www.cestsro.cz\/wp-content\/uploads\/2016\/06\/Rekultivace-ter\u00e9nu-po-sanaci_02.jpg?gid=1\" target=\"_self\" title=\"OLYMPUS DIGITAL CAMERA\" data-rel=\"prettyPhoto[pp_gal]\" style=\"border-radius:0px;\" ><FIGURE class=\"grid-gallery-caption\" data-grid-gallery-type=\"quarter-slide-up\" data-index=\"5\" style=\"display:none;border-radius:0px;; margin:5.3px; width:215px;\" ><div class=\"crop\" style=\" width:215px; height:215px; overflow:hidden;\"><img src=\"https:\/\/www.cestsro.cz\/wp-content\/uploads\/2016\/06\/Rekultivace-ter\u00e9nu-po-sanaci_02-215x215.jpg\" class=\"ggImg\" alt=\"OLYMPUS DIGITAL CAMERA\" title=\"OLYMPUS DIGITAL CAMERA\" data-description=\"OLYMPUS DIGITAL CAMERA\" data-caption=\"Rekultivace ter\u00e9nu po sanaci\" data-title=\"OLYMPUS DIGITAL CAMERA\" style=\" width:215px; height:215px;\" \/><\/div><FIGCAPTION class=\"\" data-alpha=\"5\" style=\"color:#ffffff; background-color:#6f0000; font-size:14px; text-align:2; font-family:;\" ><div class=\"grid-gallery-figcaption-wrap\" style=\" vertical-align:;\"><div class=\"gg-image-caption fitvidsignore\" style=\"font-size:14px;\"><object type=\"none\/none\">Rekultivace ter\u00e9nu po sanaci <\/object><\/div><\/div><\/FIGCAPTION><\/FIGURE><\/a><a id=\"gg-1-7\" class=\"gg-link \" data-attachment-id=\"61\" href=\"http:\/\/www.cestsro.cz\/wp-content\/uploads\/2016\/06\/Sanace-Lan\u017ehot.jpg?gid=1\" target=\"_self\" title=\"Sanace Lan\u017ehot\" data-rel=\"prettyPhoto[pp_gal]\" style=\"border-radius:0px;\" ><FIGURE class=\"grid-gallery-caption\" data-grid-gallery-type=\"quarter-slide-up\" data-index=\"6\" style=\"display:none;border-radius:0px;; margin:5.3px; width:215px;\" ><div class=\"crop\" style=\" width:215px; height:215px; overflow:hidden;\"><img src=\"https:\/\/www.cestsro.cz\/wp-content\/uploads\/2016\/06\/Sanace-Lan\u017ehot-215x215.jpg\" class=\"ggImg\" alt=\"Sanace Lan\u017ehot\" title=\"Sanace Lan\u017ehot\" data-description=\"Sanace Lan\u017ehot\" data-caption=\"Sanace Lan\u017ehot\" data-title=\"Sanace Lan\u017ehot\" style=\" width:215px; height:215px;\" \/><\/div><FIGCAPTION class=\"\" data-alpha=\"5\" style=\"color:#ffffff; background-color:#6f0000; font-size:14px; text-align:2; font-family:;\" ><div class=\"grid-gallery-figcaption-wrap\" style=\" vertical-align:;\"><div class=\"gg-image-caption fitvidsignore\" style=\"font-size:14px;\"><object type=\"none\/none\">Sanace Lan\u017ehot <\/object><\/div><\/div><\/FIGCAPTION><\/FIGURE><\/a><a id=\"gg-1-8\" class=\"gg-link \" data-attachment-id=\"62\" href=\"http:\/\/www.cestsro.cz\/wp-content\/uploads\/2016\/06\/Sanace-lan\u017ehot_kompr.jpg?gid=1\" target=\"_self\" title=\"Sanace lan\u017ehot_kompr\" data-rel=\"prettyPhoto[pp_gal]\" style=\"border-radius:0px;\" ><FIGURE class=\"grid-gallery-caption\" data-grid-gallery-type=\"quarter-slide-up\" data-index=\"7\" style=\"display:none;border-radius:0px;; margin:5.3px; width:215px;\" ><div class=\"crop\" style=\" width:215px; height:215px; overflow:hidden;\"><img src=\"https:\/\/www.cestsro.cz\/wp-content\/uploads\/2016\/06\/Sanace-lan\u017ehot_kompr-215x215.jpg\" class=\"ggImg\" alt=\"Sanace lan\u017ehot_kompr\" title=\"Sanace lan\u017ehot_kompr\" data-description=\"Sanace lan\u017ehot_kompr\" data-caption=\"Sanace Lan\u017ehot\" data-title=\"Sanace lan\u017ehot_kompr\" style=\" width:215px; height:215px;\" \/><\/div><FIGCAPTION class=\"\" data-alpha=\"5\" style=\"color:#ffffff; background-color:#6f0000; font-size:14px; text-align:2; font-family:;\" ><div class=\"grid-gallery-figcaption-wrap\" style=\" vertical-align:;\"><div class=\"gg-image-caption fitvidsignore\" style=\"font-size:14px;\"><object type=\"none\/none\">Sanace Lan\u017ehot <\/object><\/div><\/div><\/FIGCAPTION><\/FIGURE><\/a><a id=\"gg-1-9\" class=\"gg-link \" data-attachment-id=\"63\" href=\"http:\/\/www.cestsro.cz\/wp-content\/uploads\/2016\/06\/Sanace-ropoplynov\u00fdch-sond-mkul\u010dice.jpg?gid=1\" target=\"_self\" title=\"OLYMPUS DIGITAL CAMERA\" data-rel=\"prettyPhoto[pp_gal]\" style=\"border-radius:0px;\" ><FIGURE class=\"grid-gallery-caption\" data-grid-gallery-type=\"quarter-slide-up\" data-index=\"8\" style=\"display:none;border-radius:0px;; margin:5.3px; width:215px;\" ><div class=\"crop\" style=\" width:215px; height:215px; overflow:hidden;\"><img src=\"https:\/\/www.cestsro.cz\/wp-content\/uploads\/2016\/06\/Sanace-ropoplynov\u00fdch-sond-mkul\u010dice-215x215.jpg\" class=\"ggImg\" alt=\"OLYMPUS DIGITAL CAMERA\" title=\"OLYMPUS DIGITAL CAMERA\" data-description=\"OLYMPUS DIGITAL CAMERA\" data-caption=\"Sanace ropoplynov\u00fdch sond mkul\u010dice\" data-title=\"OLYMPUS DIGITAL CAMERA\" style=\" width:215px; height:215px;\" \/><\/div><FIGCAPTION class=\"\" data-alpha=\"5\" style=\"color:#ffffff; background-color:#6f0000; font-size:14px; text-align:2; font-family:;\" ><div class=\"grid-gallery-figcaption-wrap\" style=\" vertical-align:;\"><div class=\"gg-image-caption fitvidsignore\" style=\"font-size:14px;\"><object type=\"none\/none\">Sanace ropoplynov\u00fdch sond mkul\u010dice <\/object><\/div><\/div><\/FIGCAPTION><\/FIGURE><\/a><a id=\"gg-1-10\" class=\"gg-link \" data-attachment-id=\"64\" href=\"http:\/\/www.cestsro.cz\/wp-content\/uploads\/2016\/06\/Sana\u010dn\u00ed-stan_tvrdonice.jpg?gid=1\" target=\"_self\" title=\"OLYMPUS DIGITAL CAMERA\" data-rel=\"prettyPhoto[pp_gal]\" style=\"border-radius:0px;\" ><FIGURE class=\"grid-gallery-caption\" data-grid-gallery-type=\"quarter-slide-up\" data-index=\"9\" style=\"display:none;border-radius:0px;; margin:5.3px; width:215px;\" ><div class=\"crop\" style=\" width:215px; height:215px; overflow:hidden;\"><img src=\"https:\/\/www.cestsro.cz\/wp-content\/uploads\/2016\/06\/Sana\u010dn\u00ed-stan_tvrdonice-215x215.jpg\" class=\"ggImg\" alt=\"OLYMPUS DIGITAL CAMERA\" title=\"OLYMPUS DIGITAL CAMERA\" data-description=\"OLYMPUS DIGITAL CAMERA\" data-caption=\"Sana\u010dn\u00ed stan_tvrdonice\" data-title=\"OLYMPUS DIGITAL CAMERA\" style=\" width:215px; height:215px;\" \/><\/div><FIGCAPTION class=\"\" data-alpha=\"5\" style=\"color:#ffffff; background-color:#6f0000; font-size:14px; text-align:2; font-family:;\" ><div class=\"grid-gallery-figcaption-wrap\" style=\" vertical-align:;\"><div class=\"gg-image-caption fitvidsignore\" style=\"font-size:14px;\"><object type=\"none\/none\">Sana\u010dn\u00ed stan_tvrdonice <\/object><\/div><\/div><\/FIGCAPTION><\/FIGURE><\/a><a id=\"gg-1-11\" class=\"gg-link \" data-attachment-id=\"65\" href=\"http:\/\/www.cestsro.cz\/wp-content\/uploads\/2016\/06\/Sana\u010dn\u00ed-stanice-Star\u00fd-z\u00e1vod_-Nesyt_02.jpg?gid=1\" target=\"_self\" title=\"OLYMPUS DIGITAL CAMERA\" data-rel=\"prettyPhoto[pp_gal]\" style=\"border-radius:0px;\" ><FIGURE class=\"grid-gallery-caption\" data-grid-gallery-type=\"quarter-slide-up\" data-index=\"10\" style=\"display:none;border-radius:0px;; margin:5.3px; width:215px;\" ><div class=\"crop\" style=\" width:215px; height:215px; overflow:hidden;\"><img src=\"https:\/\/www.cestsro.cz\/wp-content\/uploads\/2016\/06\/Sana\u010dn\u00ed-stanice-Star\u00fd-z\u00e1vod_-Nesyt_02-215x215.jpg\" class=\"ggImg\" alt=\"OLYMPUS DIGITAL CAMERA\" title=\"OLYMPUS DIGITAL CAMERA\" data-description=\"OLYMPUS DIGITAL CAMERA\" data-caption=\"Sana\u010dn\u00ed stanice Star\u00fd z\u00e1vod_ Nesyt\" data-title=\"OLYMPUS DIGITAL CAMERA\" style=\" width:215px; height:215px;\" \/><\/div><FIGCAPTION class=\"\" data-alpha=\"5\" style=\"color:#ffffff; background-color:#6f0000; font-size:14px; text-align:2; font-family:;\" ><div class=\"grid-gallery-figcaption-wrap\" style=\" vertical-align:;\"><div class=\"gg-image-caption fitvidsignore\" style=\"font-size:14px;\"><object type=\"none\/none\">Sana\u010dn\u00ed stanice Star\u00fd z\u00e1vod_ Nesyt <\/object><\/div><\/div><\/FIGCAPTION><\/FIGURE><\/a><a id=\"gg-1-12\" class=\"gg-link \" data-attachment-id=\"66\" href=\"http:\/\/www.cestsro.cz\/wp-content\/uploads\/2016\/06\/Sana\u010dn\u00ed-stanice-Star\u00fd-z\u00e1vod_-Nesyt_05.jpg?gid=1\" target=\"_self\" title=\"OLYMPUS DIGITAL CAMERA\" data-rel=\"prettyPhoto[pp_gal]\" style=\"border-radius:0px;\" ><FIGURE class=\"grid-gallery-caption\" data-grid-gallery-type=\"quarter-slide-up\" data-index=\"11\" style=\"display:none;border-radius:0px;; margin:5.3px; width:215px;\" ><div class=\"crop\" style=\" width:215px; height:215px; overflow:hidden;\"><img src=\"https:\/\/www.cestsro.cz\/wp-content\/uploads\/2016\/06\/Sana\u010dn\u00ed-stanice-Star\u00fd-z\u00e1vod_-Nesyt_05-215x215.jpg\" class=\"ggImg\" alt=\"OLYMPUS DIGITAL CAMERA\" title=\"OLYMPUS DIGITAL CAMERA\" data-description=\"OLYMPUS DIGITAL CAMERA\" data-caption=\"Sana\u010dn\u00ed stanice Star\u00fd z\u00e1vod_ Nesyt\" data-title=\"OLYMPUS DIGITAL CAMERA\" style=\" width:215px; height:215px;\" \/><\/div><FIGCAPTION class=\"\" data-alpha=\"5\" style=\"color:#ffffff; background-color:#6f0000; font-size:14px; text-align:2; font-family:;\" ><div class=\"grid-gallery-figcaption-wrap\" style=\" vertical-align:;\"><div class=\"gg-image-caption fitvidsignore\" style=\"font-size:14px;\"><object type=\"none\/none\">Sana\u010dn\u00ed stanice Star\u00fd z\u00e1vod_ Nesyt <\/object><\/div><\/div><\/FIGCAPTION><\/FIGURE><\/a><a id=\"gg-1-13\" class=\"gg-link \" data-attachment-id=\"67\" href=\"http:\/\/www.cestsro.cz\/wp-content\/uploads\/2016\/06\/Sana\u010dn\u00ed-stanice-Star\u00fd-z\u00e1vod_-Nesyt_08.jpg?gid=1\" target=\"_self\" title=\"OLYMPUS DIGITAL CAMERA\" data-rel=\"prettyPhoto[pp_gal]\" style=\"border-radius:0px;\" ><FIGURE class=\"grid-gallery-caption\" data-grid-gallery-type=\"quarter-slide-up\" data-index=\"12\" style=\"display:none;border-radius:0px;; margin:5.3px; width:215px;\" ><div class=\"crop\" style=\" width:215px; height:215px; overflow:hidden;\"><img src=\"https:\/\/www.cestsro.cz\/wp-content\/uploads\/2016\/06\/Sana\u010dn\u00ed-stanice-Star\u00fd-z\u00e1vod_-Nesyt_08-215x215.jpg\" class=\"ggImg\" alt=\"OLYMPUS DIGITAL CAMERA\" title=\"OLYMPUS DIGITAL CAMERA\" data-description=\"OLYMPUS DIGITAL CAMERA\" data-caption=\"Sana\u010dn\u00ed stanice Star\u00fd z\u00e1vod_ Nesyt\" data-title=\"OLYMPUS DIGITAL CAMERA\" style=\" width:215px; height:215px;\" \/><\/div><FIGCAPTION class=\"\" data-alpha=\"5\" style=\"color:#ffffff; background-color:#6f0000; font-size:14px; text-align:2; font-family:;\" ><div class=\"grid-gallery-figcaption-wrap\" style=\" vertical-align:;\"><div class=\"gg-image-caption fitvidsignore\" style=\"font-size:14px;\"><object type=\"none\/none\">Sana\u010dn\u00ed stanice Star\u00fd z\u00e1vod_ Nesyt <\/object><\/div><\/div><\/FIGCAPTION><\/FIGURE><\/a><a id=\"gg-1-14\" class=\"gg-link \" data-attachment-id=\"68\" href=\"http:\/\/www.cestsro.cz\/wp-content\/uploads\/2016\/06\/SV-Actherm-Chomutov.jpg?gid=1\" target=\"_self\" title=\"SV Actherm Chomutov\" data-rel=\"prettyPhoto[pp_gal]\" style=\"border-radius:0px;\" ><FIGURE class=\"grid-gallery-caption\" data-grid-gallery-type=\"quarter-slide-up\" data-index=\"13\" style=\"display:none;border-radius:0px;; margin:5.3px; width:215px;\" ><div class=\"crop\" style=\" width:215px; height:215px; overflow:hidden;\"><img src=\"https:\/\/www.cestsro.cz\/wp-content\/uploads\/2016\/06\/SV-Actherm-Chomutov-215x215.jpg\" class=\"ggImg\" alt=\"SV Actherm Chomutov\" title=\"SV Actherm Chomutov\" data-description=\"SV Actherm Chomutov\" data-caption=\"SV Actherm Chomutov\" data-title=\"SV Actherm Chomutov\" style=\" width:215px; height:215px;\" \/><\/div><FIGCAPTION class=\"\" data-alpha=\"5\" style=\"color:#ffffff; background-color:#6f0000; font-size:14px; text-align:2; font-family:;\" ><div class=\"grid-gallery-figcaption-wrap\" style=\" vertical-align:;\"><div class=\"gg-image-caption fitvidsignore\" style=\"font-size:14px;\"><object type=\"none\/none\">SV Actherm Chomutov <\/object><\/div><\/div><\/FIGCAPTION><\/FIGURE><\/a><a id=\"gg-1-15\" class=\"gg-link \" data-attachment-id=\"69\" href=\"http:\/\/www.cestsro.cz\/wp-content\/uploads\/2016\/06\/SV-Actherm-Chomutov_1.jpg?gid=1\" target=\"_self\" title=\"SV Actherm Chomutov_1\" data-rel=\"prettyPhoto[pp_gal]\" style=\"border-radius:0px;\" ><FIGURE class=\"grid-gallery-caption\" data-grid-gallery-type=\"quarter-slide-up\" data-index=\"14\" style=\"display:none;border-radius:0px;; margin:5.3px; width:215px;\" ><div class=\"crop\" style=\" width:215px; height:215px; overflow:hidden;\"><img src=\"https:\/\/www.cestsro.cz\/wp-content\/uploads\/2016\/06\/SV-Actherm-Chomutov_1-215x215.jpg\" class=\"ggImg\" alt=\"SV Actherm Chomutov_1\" title=\"SV Actherm Chomutov_1\" data-description=\"SV Actherm Chomutov_1\" data-caption=\"SV Actherm Chomutov\" data-title=\"SV Actherm Chomutov_1\" style=\" width:215px; height:215px;\" \/><\/div><FIGCAPTION class=\"\" data-alpha=\"5\" style=\"color:#ffffff; background-color:#6f0000; font-size:14px; text-align:2; font-family:;\" ><div class=\"grid-gallery-figcaption-wrap\" style=\" vertical-align:;\"><div class=\"gg-image-caption fitvidsignore\" style=\"font-size:14px;\"><object type=\"none\/none\">SV Actherm Chomutov <\/object><\/div><\/div><\/FIGCAPTION><\/FIGURE><\/a> <div class=\"grid-gallery-clearfix\"><\/div> <\/div> <div class=\"gallery-sharing-bottom\"><\/div> <div class=\"grid-gallery-clearfix\"><\/div> <\/div> <!-- Gallery by Supsystic plugin1.15.12 -->\n","protected":false},"excerpt":{"rendered":"","protected":false},"author":1,"featured_media":0,"parent":0,"menu_order":4,"comment_status":"closed","ping_status":"closed","template":"","meta":[],"_links":{"self":[{"href":"https:\/\/www.cestsro.cz\/index.php?rest_route=\/wp\/v2\/pages\/36"}],"collection":[{"href":"https:\/\/www.cestsro.cz\/index.php?rest_route=\/wp\/v2\/pages"}],"about":[{"href":"https:\/\/www.cestsro.cz\/index.php?rest_route=\/wp\/v2\/types\/page"}],"author":[{"embeddable":true,"href":"https:\/\/www.cestsro.cz\/index.php?rest_route=\/wp\/v2\/users\/1"}],"replies":[{"embeddable":true,"href":"https:\/\/www.cestsro.cz\/index.php?rest_route=%2Fwp%2Fv2%2Fcomments&post=36"}],"version-history":[{"count":2,"href":"https:\/\/www.cestsro.cz\/index.php?rest_route=\/wp\/v2\/pages\/36\/revisions"}],"predecessor-version":[{"id":54,"href":"https:\/\/www.cestsro.cz\/index.php?rest_route=\/wp\/v2\/pages\/36\/revisions\/54"}],"wp:attachment":[{"href":"https:\/\/www.cestsro.cz\/index.php?rest_route=%2Fwp%2Fv2%2Fmedia&parent=36"}],"curies":[{"name":"wp","href":"https:\/\/api.w.org\/{rel}","templated":true}]}}