{"id":34,"date":"2016-06-22T10:06:47","date_gmt":"2016-06-22T08:06:47","guid":{"rendered":"http:\/\/www.cestsro.cz\/?page_id=34"},"modified":"2022-03-07T12:48:14","modified_gmt":"2022-03-07T11:48:14","slug":"sluzby","status":"publish","type":"page","link":"https:\/\/www.cestsro.cz\/?page_id=34","title":{"rendered":"SLU\u017dBY"},"content":{"rendered":"<ul>\n<li>Spole\u010dnost poskytuje slu\u017eby v\u00a0oblasti ekologie se zam\u011b\u0159en\u00edm zejm\u00e9na na sana\u010dn\u00ed pr\u00e1ce, jako jsou<\/li>\n<li>komplexn\u00ed \u0159e\u0161en\u00ed ekologick\u00fdch z\u00e1t\u011b\u017e\u00ed<\/li>\n<li>posouzen\u00ed technicko-ekonomick\u00fdch variant sanace a pou\u017eit\u00ed technologie<\/li>\n<li>posouzen\u00ed rizik a n\u00e1vrh konkr\u00e9tn\u00edch \u0159e\u0161en\u00ed<\/li>\n<li>n\u00e1vrh optim\u00e1ln\u00ed varianty sana\u010dn\u00edho z\u00e1sahu<\/li>\n<li>realiza\u010dn\u00ed projekty sanace, rekultivace a\u00a0revitalizace<\/li>\n<li>monitoring podzemn\u00edch, povrchov\u00fdch a odpadn\u00edch vod<\/li>\n<li>ov\u011b\u0159en\u00ed \u00fa\u010dinnosti realizovan\u00fdch n\u00e1pravn\u00fdch opat\u0159en\u00ed v\u00a0r\u00e1mci sana\u010dn\u00edho a postsana\u010dn\u00edho monitoringu<\/li>\n<\/ul>\n<p>&nbsp;<\/p>\n<p>Zpracov\u00e1v\u00e1me anal\u00fdzy rizik pro n\u00e1sledn\u00e9 posouzen\u00ed rizik zp\u016fsoben\u00fdch kontaminac\u00ed horninov\u00e9ho prost\u0159ed\u00ed.\u00a0 V r\u00e1mci zpracov\u00e1van\u00fdch projekt\u016f jednotliv\u00fdch anal\u00fdz rizik spole\u010dnost prov\u00e1d\u00ed komplexn\u00ed hodnocen\u00ed environment\u00e1ln\u00edch rizik a tak\u00e9 hodnocen\u00ed stavu horninov\u00e9ho prost\u0159ed\u00ed, podzemn\u00ed vody, povrchov\u00e9 vody, p\u016fdn\u00edho vzduchu a\u00a0ovzdu\u0161\u00ed.<\/p>\n<p>&nbsp;<\/p>\n<p>&nbsp;<\/p>\n<ul>\n<li>V\u00a0oblasti problematiky vodn\u00edho hospod\u00e1\u0159stv\u00ed se na\u0161e spole\u010dnost zab\u00fdv\u00e1:<\/li>\n<li>vypracov\u00e1v\u00e1n\u00edm hydrogeologick\u00fdch posudk\u016f<\/li>\n<li>vrt\u00e1n\u00edm studn\u00ed v\u010detn\u011b dod\u00e1n\u00ed pot\u0159ebn\u00fdch doklad\u016f ke stavebn\u00edmu povolen\u00ed<\/li>\n<li>\u010derp\u00e1n\u00edm, odvozem a \u010di\u0161t\u011bn\u00edm kontaminovan\u00fdch povrchov\u00fdch i podzemn\u00edch vod p\u0159\u00edmo v\u00a0ter\u00e9nu na mobiln\u00edch sana\u010dn\u00edch jednotk\u00e1ch<\/li>\n<li>dod\u00e1vky sana\u010dn\u00edch technologi\u00ed pro dekontaminaci zne\u010di\u0161t\u011bn\u00fdch vod<\/li>\n<li>prov\u00e1d\u011bn\u00edm monitoringu kvality povrchov\u00fdch a podzemn\u00edch vod<\/li>\n<\/ul>\n<p>&nbsp;<\/p>\n<ul>\n<li><strong>Komplexn\u00ed \u010dinnost p\u0159i realizaci<\/strong> <strong>p<\/strong>r\u016fzkum\u016f zne\u010di\u0161t\u011bn\u00ed.<\/li>\n<li>Demoli\u010dn\u00ed pr\u00e1ce kontaminovan\u00fdch stavebn\u00edch konstrukc\u00ed, odstra\u0148ov\u00e1n\u00ed a zne\u0161kodn\u011bn\u00ed kontaminovan\u00fdch zemin \u201emetodou Ex \u2013 situ\u201c.<\/li>\n<\/ul>\n<p>Odstra\u0148ov\u00e1n\u00ed a vyu\u017e\u00edv\u00e1n\u00ed odpad\u016f metodou \u201eEx \u2013 situ realizujeme na vlastn\u00ed biodegrada\u010dn\u00ed plo\u0161e. Zde disponujeme p\u0159\u00edslu\u0161n\u00fdm technologick\u00fdm z\u00e1zem\u00edm, umo\u017e\u0148uj\u00edc\u00ed za pou\u017eit\u00ed schv\u00e1len\u00fdch bioprepar\u00e1t\u016f maxim\u00e1ln\u011b zintenzivnit procesy sm\u011b\u0159uj\u00edc\u00ed k\u00a0dal\u0161\u00edmu vyu\u017eit\u00ed p\u016fvodn\u011b kontaminovan\u00e9ho materi\u00e1lu.<\/p>\n<p>&nbsp;<\/p>\n<ul>\n<li>Metodou &#8211; &#8222;In situ&#8220; je dekontaminace materi\u00e1lu prov\u00e1d\u011bna \u0159\u00edzenou aplikac\u00ed sana\u010dn\u00ed technologie p\u0159\u00edmo na m\u00edst\u011b z\u00e1sahu.<\/li>\n<li>Likvidace ropn\u00fdch l\u00e1tek unikl\u00fdch do horninov\u00e9ho prost\u0159ed\u00ed.<\/li>\n<li>V oblasti sana\u010dn\u00edch prac\u00ed p\u016fsob\u00edme jako supervizn\u00ed organizace zaji\u0161\u0165uj\u00edc\u00ed dohled p\u0159i realizaci procesu odstran\u011bn\u00ed star\u00fdch ekologick\u00fdch z\u00e1t\u011b\u017e\u00ed.<\/li>\n<li>Jedn\u00e1n\u00ed s org\u00e1ny st\u00e1tn\u00ed spr\u00e1vy v oblastech \u017eivotn\u00edho prost\u0159ed\u00ed<\/li>\n<\/ul>\n","protected":false},"excerpt":{"rendered":"<p>Spole\u010dnost poskytuje slu\u017eby v\u00a0oblasti ekologie se zam\u011b\u0159en\u00edm zejm\u00e9na na sana\u010dn\u00ed pr\u00e1ce, jako jsou komplexn\u00ed \u0159e\u0161en\u00ed ekologick\u00fdch z\u00e1t\u011b\u017e\u00ed posouzen\u00ed technicko-ekonomick\u00fdch variant sanace a pou\u017eit\u00ed technologie posouzen\u00ed rizik a n\u00e1vrh konkr\u00e9tn\u00edch \u0159e\u0161en\u00ed n\u00e1vrh optim\u00e1ln\u00ed varianty sana\u010dn\u00edho z\u00e1sahu realiza\u010dn\u00ed projekty sanace, rekultivace a\u00a0revitalizace monitoring podzemn\u00edch, povrchov\u00fdch a odpadn\u00edch vod ov\u011b\u0159en\u00ed \u00fa\u010dinnosti realizovan\u00fdch n\u00e1pravn\u00fdch opat\u0159en\u00ed v\u00a0r\u00e1mci sana\u010dn\u00edho a postsana\u010dn\u00edho [&hellip;]<\/p>\n","protected":false},"author":1,"featured_media":18,"parent":0,"menu_order":2,"comment_status":"closed","ping_status":"closed","template":"","meta":[],"_links":{"self":[{"href":"https:\/\/www.cestsro.cz\/index.php?rest_route=\/wp\/v2\/pages\/34"}],"collection":[{"href":"https:\/\/www.cestsro.cz\/index.php?rest_route=\/wp\/v2\/pages"}],"about":[{"href":"https:\/\/www.cestsro.cz\/index.php?rest_route=\/wp\/v2\/types\/page"}],"author":[{"embeddable":true,"href":"https:\/\/www.cestsro.cz\/index.php?rest_route=\/wp\/v2\/users\/1"}],"replies":[{"embeddable":true,"href":"https:\/\/www.cestsro.cz\/index.php?rest_route=%2Fwp%2Fv2%2Fcomments&post=34"}],"version-history":[{"count":1,"href":"https:\/\/www.cestsro.cz\/index.php?rest_route=\/wp\/v2\/pages\/34\/revisions"}],"predecessor-version":[{"id":35,"href":"https:\/\/www.cestsro.cz\/index.php?rest_route=\/wp\/v2\/pages\/34\/revisions\/35"}],"wp:featuredmedia":[{"embeddable":true,"href":"https:\/\/www.cestsro.cz\/index.php?rest_route=\/wp\/v2\/media\/18"}],"wp:attachment":[{"href":"https:\/\/www.cestsro.cz\/index.php?rest_route=%2Fwp%2Fv2%2Fmedia&parent=34"}],"curies":[{"name":"wp","href":"https:\/\/api.w.org\/{rel}","templated":true}]}}