{"id":293,"date":"2024-02-13T12:30:46","date_gmt":"2024-02-13T11:30:46","guid":{"rendered":"https:\/\/www.cestsro.cz\/?page_id=293"},"modified":"2024-07-08T19:36:01","modified_gmt":"2024-07-08T17:36:01","slug":"fronnensis","status":"publish","type":"page","link":"https:\/\/www.cestsro.cz\/?page_id=293","title":{"rendered":"FRONNENSIS"},"content":{"rendered":"<div class=\"wp-block-image\">\n<figure class=\"alignleft size-large is-resized\"><a href=\"https:\/\/www.cestsro.cz\/wp-content\/uploads\/2024\/07\/20190529_141939.jpg\"><img decoding=\"async\" loading=\"lazy\" src=\"https:\/\/www.cestsro.cz\/wp-content\/uploads\/2024\/07\/20190529_141939-1024x768.jpg\" alt=\"\" class=\"wp-image-331\" width=\"303\" height=\"227\" srcset=\"https:\/\/www.cestsro.cz\/wp-content\/uploads\/2024\/07\/20190529_141939-1024x768.jpg 1024w, https:\/\/www.cestsro.cz\/wp-content\/uploads\/2024\/07\/20190529_141939-300x225.jpg 300w, https:\/\/www.cestsro.cz\/wp-content\/uploads\/2024\/07\/20190529_141939-768x576.jpg 768w, https:\/\/www.cestsro.cz\/wp-content\/uploads\/2024\/07\/20190529_141939-1536x1152.jpg 1536w, https:\/\/www.cestsro.cz\/wp-content\/uploads\/2024\/07\/20190529_141939.jpg 2048w\" sizes=\"(max-width: 303px) 100vw, 303px\" \/><\/a><\/figure><\/div>\n\n\n<p>Od roku 2020 prost\u0159ednictv\u00edm na\u0161\u00ed dce\u0159in\u00e9 firmy FRONN s.r.o. vlastn\u00edme a pronaj\u00edm\u00e1me v Rokytnici v Orlick\u00fdch hor\u00e1ch are\u00e1l b\u00fdval\u00fdch Rokytnick\u00fdch. Are\u00e1l je bez probl\u00e9mu p\u0159\u00edstupn\u00fd pro z\u00e1kladn\u00ed automobilovou dopravu. Nach\u00e1z\u00ed se p\u0159ibli\u017en\u011b p\u016fl kilometru od vlakov\u00e9ho n\u00e1dra\u017e\u00ed.<\/p>\n\n\n\n<div class=\"wp-block-cover is-light\" style=\"min-height:150px\"><span aria-hidden=\"true\" class=\"wp-block-cover__background has-white-background-color has-background-dim-100 has-background-dim\"><\/span><div class=\"wp-block-cover__inner-container\">\n<p class=\"has-text-align-center has-large-font-size\"> <\/p>\n<\/div><\/div>\n\n\n\n<p><\/p>\n\n\n<div class=\"wp-block-image\">\n<figure class=\"alignright size-large is-resized\"><a href=\"https:\/\/www.cestsro.cz\/wp-content\/uploads\/2024\/07\/20190529_135834-3.jpg\"><img decoding=\"async\" loading=\"lazy\" src=\"https:\/\/www.cestsro.cz\/wp-content\/uploads\/2024\/07\/20190529_135834-3-1024x768.jpg\" alt=\"\" class=\"wp-image-342\" width=\"305\" height=\"228\" srcset=\"https:\/\/www.cestsro.cz\/wp-content\/uploads\/2024\/07\/20190529_135834-3-1024x768.jpg 1024w, https:\/\/www.cestsro.cz\/wp-content\/uploads\/2024\/07\/20190529_135834-3-300x225.jpg 300w, https:\/\/www.cestsro.cz\/wp-content\/uploads\/2024\/07\/20190529_135834-3-768x576.jpg 768w, https:\/\/www.cestsro.cz\/wp-content\/uploads\/2024\/07\/20190529_135834-3-1536x1152.jpg 1536w, https:\/\/www.cestsro.cz\/wp-content\/uploads\/2024\/07\/20190529_135834-3.jpg 2048w\" sizes=\"(max-width: 305px) 100vw, 305px\" \/><\/a><\/figure><\/div>\n\n\n<p>Jednotliv\u00e9 objekty i plochy v sou\u010dasn\u00e9 dob\u011b vyu\u017e\u00edv\u00e1 ke sv\u00e9 podnikatelsk\u00e9 \u010dinnosti vyu\u017e\u00edv\u00e1 \u0159ada m\u00edstn\u00edch firem a \u017eivnostensk\u00fdch subjekt\u016f, a to p\u0159edev\u0161\u00edm jako skladov\u00e9 a v\u00fdrobn\u00ed prostory. Prostory are\u00e1lu bude na\u0161e spole\u010dnost vyu\u017e\u00edvat k vlastn\u00edm podnikatelsk\u00fdm z\u00e1m\u011br\u016fm  a tak\u00e9 i nad\u00e1le prostory nab\u00edzet dal\u0161\u00edm subjekt\u016f k podnik\u00e1n\u00ed formou pron\u00e1jmu.<\/p>\n","protected":false},"excerpt":{"rendered":"<p>Od roku 2020 prost\u0159ednictv\u00edm na\u0161\u00ed dce\u0159in\u00e9 firmy FRONN s.r.o. vlastn\u00edme a pronaj\u00edm\u00e1me v Rokytnici v Orlick\u00fdch hor\u00e1ch are\u00e1l b\u00fdval\u00fdch Rokytnick\u00fdch. Are\u00e1l je bez probl\u00e9mu p\u0159\u00edstupn\u00fd pro z\u00e1kladn\u00ed automobilovou dopravu. Nach\u00e1z\u00ed se p\u0159ibli\u017en\u011b p\u016fl kilometru od vlakov\u00e9ho n\u00e1dra\u017e\u00ed. Jednotliv\u00e9 objekty i plochy v sou\u010dasn\u00e9 dob\u011b vyu\u017e\u00edv\u00e1 ke sv\u00e9 podnikatelsk\u00e9 \u010dinnosti vyu\u017e\u00edv\u00e1 \u0159ada m\u00edstn\u00edch firem a \u017eivnostensk\u00fdch [&hellip;]<\/p>\n","protected":false},"author":1,"featured_media":0,"parent":0,"menu_order":0,"comment_status":"closed","ping_status":"closed","template":"","meta":[],"_links":{"self":[{"href":"https:\/\/www.cestsro.cz\/index.php?rest_route=\/wp\/v2\/pages\/293"}],"collection":[{"href":"https:\/\/www.cestsro.cz\/index.php?rest_route=\/wp\/v2\/pages"}],"about":[{"href":"https:\/\/www.cestsro.cz\/index.php?rest_route=\/wp\/v2\/types\/page"}],"author":[{"embeddable":true,"href":"https:\/\/www.cestsro.cz\/index.php?rest_route=\/wp\/v2\/users\/1"}],"replies":[{"embeddable":true,"href":"https:\/\/www.cestsro.cz\/index.php?rest_route=%2Fwp%2Fv2%2Fcomments&post=293"}],"version-history":[{"count":9,"href":"https:\/\/www.cestsro.cz\/index.php?rest_route=\/wp\/v2\/pages\/293\/revisions"}],"predecessor-version":[{"id":346,"href":"https:\/\/www.cestsro.cz\/index.php?rest_route=\/wp\/v2\/pages\/293\/revisions\/346"}],"wp:attachment":[{"href":"https:\/\/www.cestsro.cz\/index.php?rest_route=%2Fwp%2Fv2%2Fmedia&parent=293"}],"curies":[{"name":"wp","href":"https:\/\/api.w.org\/{rel}","templated":true}]}}