{"id":20,"date":"2016-06-22T10:04:41","date_gmt":"2016-06-22T08:04:41","guid":{"rendered":"http:\/\/www.cestsro.cz\/?page_id=20"},"modified":"2024-02-13T12:39:47","modified_gmt":"2024-02-13T11:39:47","slug":"kontakty","status":"publish","type":"page","link":"https:\/\/www.cestsro.cz\/?page_id=20","title":{"rendered":"KONTAKTY"},"content":{"rendered":"\t\t<div data-elementor-type=\"wp-page\" data-elementor-id=\"20\" class=\"elementor elementor-20\">\n\t\t\t\t\t\t\t\t\t<section class=\"elementor-section elementor-top-section elementor-element elementor-element-587e8d9d elementor-section-boxed elementor-section-height-default elementor-section-height-default\" data-id=\"587e8d9d\" data-element_type=\"section\">\n\t\t\t\t\t\t<div class=\"elementor-container elementor-column-gap-default\">\n\t\t\t\t\t<div class=\"elementor-column elementor-col-100 elementor-top-column elementor-element elementor-element-5aed12d6\" data-id=\"5aed12d6\" data-element_type=\"column\">\n\t\t\t<div class=\"elementor-widget-wrap elementor-element-populated\">\n\t\t\t\t\t\t\t\t<section class=\"elementor-section elementor-inner-section elementor-element elementor-element-c116767 elementor-section-boxed elementor-section-height-default elementor-section-height-default\" data-id=\"c116767\" data-element_type=\"section\">\n\t\t\t\t\t\t<div class=\"elementor-container elementor-column-gap-default\">\n\t\t\t\t\t<div class=\"elementor-column elementor-col-50 elementor-inner-column elementor-element elementor-element-6938de3\" data-id=\"6938de3\" data-element_type=\"column\">\n\t\t\t<div class=\"elementor-widget-wrap elementor-element-populated\">\n\t\t\t\t\t\t\t\t<div class=\"elementor-element elementor-element-c8b20d8 elementor-widget elementor-widget-text-editor\" data-id=\"c8b20d8\" data-element_type=\"widget\" data-widget_type=\"text-editor.default\">\n\t\t\t\t<div class=\"elementor-widget-container\">\n\t\t\t<style>\/*! elementor - v3.10.2 - 29-01-2023 *\/\n.elementor-widget-text-editor.elementor-drop-cap-view-stacked .elementor-drop-cap{background-color:#818a91;color:#fff}.elementor-widget-text-editor.elementor-drop-cap-view-framed .elementor-drop-cap{color:#818a91;border:3px solid;background-color:transparent}.elementor-widget-text-editor:not(.elementor-drop-cap-view-default) .elementor-drop-cap{margin-top:8px}.elementor-widget-text-editor:not(.elementor-drop-cap-view-default) .elementor-drop-cap-letter{width:1em;height:1em}.elementor-widget-text-editor .elementor-drop-cap{float:left;text-align:center;line-height:1;font-size:50px}.elementor-widget-text-editor .elementor-drop-cap-letter{display:inline-block}<\/style>\t\t\t\t<p>Rohateck\u00e1 1305<br \/>696 02 Rat\u00ed\u0161kovice<br \/>I\u010cO: 255 13 231<br \/>DI\u010c: CZ25513231<\/p>\t\t\t\t\t\t<\/div>\n\t\t\t\t<\/div>\n\t\t\t\t\t<\/div>\n\t\t<\/div>\n\t\t\t\t<div class=\"elementor-column elementor-col-50 elementor-inner-column elementor-element elementor-element-285c781\" data-id=\"285c781\" data-element_type=\"column\">\n\t\t\t<div class=\"elementor-widget-wrap elementor-element-populated\">\n\t\t\t\t\t\t\t\t<div class=\"elementor-element elementor-element-60f9bbe elementor-widget elementor-widget-google_maps\" data-id=\"60f9bbe\" data-element_type=\"widget\" data-widget_type=\"google_maps.default\">\n\t\t\t\t<div class=\"elementor-widget-container\">\n\t\t\t<style>\/*! elementor - v3.10.2 - 29-01-2023 *\/\n.elementor-widget-google_maps .elementor-widget-container{overflow:hidden}.elementor-widget-google_maps iframe{height:300px}<\/style>\t\t<div class=\"elementor-custom-embed\">\n\t\t\t<iframe loading=\"lazy\"\n\t\t\t\t\tsrc=\"https:\/\/maps.google.com\/maps?q=CEST%2C%20spol.%20s%20r.o.&#038;t=m&#038;z=10&#038;output=embed&#038;iwloc=near\"\n\t\t\t\t\ttitle=\"CEST, spol. s r.o.\"\n\t\t\t\t\taria-label=\"CEST, spol. s r.o.\"\n\t\t\t><\/iframe>\n\t\t<\/div>\n\t\t\t\t<\/div>\n\t\t\t\t<\/div>\n\t\t\t\t\t<\/div>\n\t\t<\/div>\n\t\t\t\t\t\t\t<\/div>\n\t\t<\/section>\n\t\t\t\t<div class=\"elementor-element elementor-element-bfe816 elementor-widget elementor-widget-text-editor\" data-id=\"bfe816\" data-element_type=\"widget\" data-widget_type=\"text-editor.default\">\n\t\t\t\t<div class=\"elementor-widget-container\">\n\t\t\t\t\t\t\t<p>\u00a0<\/p>\n<table style=\"color: var( --e-global-color-text ); font-family: var( --e-global-typography-text-font-family ), Sans-serif; font-weight: var( --e-global-typography-text-font-weight ); height: 40px;\" width=\"564\">\n<tbody>\n<tr>\n<td>Kontakt<\/td>\n<td>\u00a0<\/td>\n<td>608 878 865<\/td>\n<td style=\"text-align: right;\"><a href=\"mailto:info@cestsro.cz\">info@cestsro.cz<\/a><\/td>\n<\/tr>\n<tr>\n<td>Ing. Pavel Michenka<\/td>\n<td>jednatel spole\u010dnosti<\/td>\n<td>608 878 865<\/td>\n<td style=\"text-align: right;\"><a href=\"mailto:pavel.michenka@cestsro.cz\">pavel.michenka@cestsro.cz<\/a><\/td>\n<\/tr>\n<tr>\n<td>Mgr. Petr Hosn\u00e9dl<\/td>\n<td>z\u00e1stupce pro v\u011bci technick\u00e9<\/td>\n<td>724 286 388<\/td>\n<td style=\"text-align: right;\">petr<a href=\"mailto:jiri.roznovsky@cestsro.cz\">.hosnedl@cestsro.cz<\/a><\/td>\n<\/tr>\n<tr>\n<td>Josef Hlo\u017eek<\/td>\n<td>vedouc\u00ed provozu Ladn\u00e1<\/td>\n<td>727 971 033<\/td>\n<td style=\"text-align: right;\"><a href=\"mailto:josef.supalek@cestsro.cz\">j.hlozek@cestsro.cz<\/a><\/td>\n<\/tr>\n<tr>\n<td>Mgr. Bohusl\u00e1vkov\u00e1<\/td>\n<td>ekonomick\u00e9 odd\u011blen\u00ed<\/td>\n<td>607 885 708<\/td>\n<td style=\"text-align: right;\">vladimira<a href=\"mailto:helena.kokesova@cestsro.cz\">.bohuslavkova@cestsro.cz<\/a><\/td>\n<\/tr>\n<\/tbody>\n<\/table>\n<div class=\"wp-block-kadence-rowlayout alignnone\">\n<div id=\"kt-layout-id_379be3-f9\" class=\"kt-row-layout-inner kt-layout-id_379be3-f9\">\n<div class=\"kt-row-column-wrap kt-has-1-columns kt-gutter-default kt-v-gutter-default kt-row-valign-top kt-row-layout-equal kt-tab-layout-inherit kt-m-colapse-left-to-right kt-mobile-layout-row kb-theme-content-width\">\n<div class=\"wp-block-kadence-column inner-column-1 kadence-column_32b6a3-97\">\n<div class=\"kt-inside-inner-col\">\n<p><!-- \/wp:kadence\/form --><\/p>\n<\/div>\n<\/div>\n<p><!-- \/wp:kadence\/column --><\/p>\n<\/div>\n<\/div>\n<\/div>\n<p><!-- \/wp:kadence\/rowlayout --><\/p>\t\t\t\t\t\t<\/div>\n\t\t\t\t<\/div>\n\t\t\t\t\t<\/div>\n\t\t<\/div>\n\t\t\t\t\t\t\t<\/div>\n\t\t<\/section>\n\t\t\t\t\t\t\t<\/div>\n\t\t","protected":false},"excerpt":{"rendered":"<p>Rohateck\u00e1 1305696 02 Rat\u00ed\u0161koviceI\u010cO: 255 13 231DI\u010c: CZ25513231 \u00a0 Kontakt \u00a0 608 878 865 info@cestsro.cz Ing. Pavel Michenka jednatel spole\u010dnosti 608 878 865 pavel.michenka@cestsro.cz Mgr. Petr Hosn\u00e9dl z\u00e1stupce pro v\u011bci technick\u00e9 724 286 388 petr.hosnedl@cestsro.cz Josef Hlo\u017eek vedouc\u00ed provozu Ladn\u00e1 727 971 033 j.hlozek@cestsro.cz Mgr. Bohusl\u00e1vkov\u00e1 ekonomick\u00e9 odd\u011blen\u00ed 607 885 708 vladimira.bohuslavkova@cestsro.cz<\/p>\n","protected":false},"author":1,"featured_media":0,"parent":0,"menu_order":5,"comment_status":"closed","ping_status":"closed","template":"","meta":[],"_links":{"self":[{"href":"https:\/\/www.cestsro.cz\/index.php?rest_route=\/wp\/v2\/pages\/20"}],"collection":[{"href":"https:\/\/www.cestsro.cz\/index.php?rest_route=\/wp\/v2\/pages"}],"about":[{"href":"https:\/\/www.cestsro.cz\/index.php?rest_route=\/wp\/v2\/types\/page"}],"author":[{"embeddable":true,"href":"https:\/\/www.cestsro.cz\/index.php?rest_route=\/wp\/v2\/users\/1"}],"replies":[{"embeddable":true,"href":"https:\/\/www.cestsro.cz\/index.php?rest_route=%2Fwp%2Fv2%2Fcomments&post=20"}],"version-history":[{"count":49,"href":"https:\/\/www.cestsro.cz\/index.php?rest_route=\/wp\/v2\/pages\/20\/revisions"}],"predecessor-version":[{"id":300,"href":"https:\/\/www.cestsro.cz\/index.php?rest_route=\/wp\/v2\/pages\/20\/revisions\/300"}],"wp:attachment":[{"href":"https:\/\/www.cestsro.cz\/index.php?rest_route=%2Fwp%2Fv2%2Fmedia&parent=20"}],"curies":[{"name":"wp","href":"https:\/\/api.w.org\/{rel}","templated":true}]}}