{"id":2,"date":"2016-02-10T04:55:39","date_gmt":"2016-02-10T03:55:39","guid":{"rendered":"http:\/\/www.cestsro.cz\/?page_id=2"},"modified":"2024-01-30T11:10:19","modified_gmt":"2024-01-30T10:10:19","slug":"zkusebni-stranka","status":"publish","type":"page","link":"https:\/\/www.cestsro.cz\/?page_id=2","title":{"rendered":"O SPOLE\u010cNOSTI"},"content":{"rendered":"\t\t<div data-elementor-type=\"wp-page\" data-elementor-id=\"2\" class=\"elementor elementor-2\">\n\t\t\t\t\t\t\t\t\t<section class=\"elementor-section elementor-top-section elementor-element elementor-element-40b63efa elementor-section-boxed elementor-section-height-default elementor-section-height-default\" data-id=\"40b63efa\" data-element_type=\"section\">\n\t\t\t\t\t\t<div class=\"elementor-container elementor-column-gap-default\">\n\t\t\t\t\t<div class=\"elementor-column elementor-col-100 elementor-top-column elementor-element elementor-element-4d31b508\" data-id=\"4d31b508\" data-element_type=\"column\">\n\t\t\t<div class=\"elementor-widget-wrap elementor-element-populated\">\n\t\t\t\t\t\t\t\t<div class=\"elementor-element elementor-element-31825e66 elementor-widget elementor-widget-text-editor\" data-id=\"31825e66\" data-element_type=\"widget\" data-widget_type=\"text-editor.default\">\n\t\t\t\t<div class=\"elementor-widget-container\">\n\t\t\t<style>\/*! elementor - v3.10.2 - 29-01-2023 *\/\n.elementor-widget-text-editor.elementor-drop-cap-view-stacked .elementor-drop-cap{background-color:#818a91;color:#fff}.elementor-widget-text-editor.elementor-drop-cap-view-framed .elementor-drop-cap{color:#818a91;border:3px solid;background-color:transparent}.elementor-widget-text-editor:not(.elementor-drop-cap-view-default) .elementor-drop-cap{margin-top:8px}.elementor-widget-text-editor:not(.elementor-drop-cap-view-default) .elementor-drop-cap-letter{width:1em;height:1em}.elementor-widget-text-editor .elementor-drop-cap{float:left;text-align:center;line-height:1;font-size:50px}.elementor-widget-text-editor .elementor-drop-cap-letter{display:inline-block}<\/style>\t\t\t\t<ul><li><strong>CEST, spol. s r.o.<\/strong> byla zalo\u017eena v\u00a0roce 1998 se s\u00eddlem spole\u010dnosti v\u00a0Hodon\u00edn\u011b. V\u00a0roce 1999 byla z\u0159\u00edzena jej\u00ed provozovna v\u00a0B\u0159eclavi. V\u00a0sou\u010dasn\u00e9 dob\u011b spole\u010dnost s\u00eddl\u00ed v\u00a0Hodon\u00edn\u011b, v Ladn\u00e9 u B\u0159eclavi a v Praze.<\/li><li>Jsme specializovan\u00e1 in\u017een\u00fdrsk\u00e1 a\u00a0realiza\u010dn\u00ed spole\u010dnost poskytuj\u00edc\u00ed od roku 1998 \u0161irok\u00e9 spektrum slu\u017eeb v\u00a0oblasti ochrany \u017eivotn\u00edho prost\u0159ed\u00ed. T\u00fdm na\u0161ich pracovn\u00edk\u016f tvo\u0159\u00ed specialist\u00e9 v oboru geologie, hydrogeologie, vodn\u00edho a odpadov\u00e9ho hospod\u00e1\u0159stv\u00ed.<\/li><li>Na\u0161imi z\u00e1kazn\u00edky jsou firmy, st\u00e1tn\u00ed instituce, podnikatel\u00e9, obce i ob\u010dan\u00e9<\/li><li>Za 25 let p\u016fsoben\u00ed spole\u010dnosti na na\u0161em \u00fazem\u00ed jsme se pod\u00edleli na realizac\u00edch mnoha projekt\u016f na \u00fazem\u00ed cel\u00e9 \u010cesk\u00e9 republiky a po celou dobu na\u0161\u00ed existence se sna\u017e\u00edme b\u00fdt spolehliv\u00fdm partnerem pro v\u0161echny sv\u00e9 z\u00e1kazn\u00edky<\/li><\/ul>\t\t\t\t\t\t<\/div>\n\t\t\t\t<\/div>\n\t\t\t\t\t<\/div>\n\t\t<\/div>\n\t\t\t\t\t\t\t<\/div>\n\t\t<\/section>\n\t\t\t\t\t\t\t<\/div>\n\t\t","protected":false},"excerpt":{"rendered":"<p>CEST, spol. s r.o. byla zalo\u017eena v\u00a0roce 1998 se s\u00eddlem spole\u010dnosti v\u00a0Hodon\u00edn\u011b. V\u00a0roce 1999 byla z\u0159\u00edzena jej\u00ed provozovna v\u00a0B\u0159eclavi. V\u00a0sou\u010dasn\u00e9 dob\u011b spole\u010dnost s\u00eddl\u00ed v\u00a0Hodon\u00edn\u011b, v Ladn\u00e9 u B\u0159eclavi a v Praze. Jsme specializovan\u00e1 in\u017een\u00fdrsk\u00e1 a\u00a0realiza\u010dn\u00ed spole\u010dnost poskytuj\u00edc\u00ed od roku 1998 \u0161irok\u00e9 spektrum slu\u017eeb v\u00a0oblasti ochrany \u017eivotn\u00edho prost\u0159ed\u00ed. T\u00fdm na\u0161ich pracovn\u00edk\u016f tvo\u0159\u00ed specialist\u00e9 v oboru geologie, [&hellip;]<\/p>\n","protected":false},"author":1,"featured_media":18,"parent":0,"menu_order":0,"comment_status":"closed","ping_status":"closed","template":"","meta":[],"_links":{"self":[{"href":"https:\/\/www.cestsro.cz\/index.php?rest_route=\/wp\/v2\/pages\/2"}],"collection":[{"href":"https:\/\/www.cestsro.cz\/index.php?rest_route=\/wp\/v2\/pages"}],"about":[{"href":"https:\/\/www.cestsro.cz\/index.php?rest_route=\/wp\/v2\/types\/page"}],"author":[{"embeddable":true,"href":"https:\/\/www.cestsro.cz\/index.php?rest_route=\/wp\/v2\/users\/1"}],"replies":[{"embeddable":true,"href":"https:\/\/www.cestsro.cz\/index.php?rest_route=%2Fwp%2Fv2%2Fcomments&post=2"}],"version-history":[{"count":7,"href":"https:\/\/www.cestsro.cz\/index.php?rest_route=\/wp\/v2\/pages\/2\/revisions"}],"predecessor-version":[{"id":275,"href":"https:\/\/www.cestsro.cz\/index.php?rest_route=\/wp\/v2\/pages\/2\/revisions\/275"}],"wp:featuredmedia":[{"embeddable":true,"href":"https:\/\/www.cestsro.cz\/index.php?rest_route=\/wp\/v2\/media\/18"}],"wp:attachment":[{"href":"https:\/\/www.cestsro.cz\/index.php?rest_route=%2Fwp%2Fv2%2Fmedia&parent=2"}],"curies":[{"name":"wp","href":"https:\/\/api.w.org\/{rel}","templated":true}]}}